{"id":707,"date":"2025-11-20T03:27:23","date_gmt":"2025-11-20T03:27:23","guid":{"rendered":"https:\/\/www.smileswallet.com\/us\/?page_id=707"},"modified":"2025-12-02T07:25:22","modified_gmt":"2025-12-02T07:25:22","slug":"cach-chuyen-tien","status":"publish","type":"page","link":"https:\/\/www.smileswallet.com\/us\/vi\/huong-dan\/cach-chuyen-tien\/","title":{"rendered":"C\u00e1ch chuy\u1ec3n ti\u1ec1n"},"content":{"rendered":"<link rel='stylesheet' href='https:\/\/www.smileswallet.com\/us\/wp-content\/themes\/smilesremit\/inc\/blocks\/text-above-image\/text-above-image.css?ver=7.0.48' type='text\/css' media='all' \/><div  class=\"text-above-image\">\n\t<h5 class=\"numbered_title\">1. Nh\u1ea5n &#8220;Chuy\u1ec3n ti\u1ec1n&#8221; tr\u00ean m\u00e0n h\u00ecnh ch\u00ednh<\/h5>\t<img loading=\"lazy\" decoding=\"async\" width=\"243\" height=\"526\" src=\"https:\/\/www.smileswallet.com\/us\/wp-content\/uploads\/sites\/12\/2025\/11\/ENG-HowToRemit-US_Step1.webp\" class=\"attachment-243x528 size-243x528\" alt=\"How to Remit Smiles Mobile Remittance - Step 1 - Tap &quot;Remit&quot;\" draggable=\"false\" srcset=\"https:\/\/www.smileswallet.com\/us\/wp-content\/uploads\/sites\/12\/2025\/11\/ENG-HowToRemit-US_Step1.webp 488w, https:\/\/www.smileswallet.com\/us\/wp-content\/uploads\/sites\/12\/2025\/11\/ENG-HowToRemit-US_Step1-139x300.webp 139w, https:\/\/www.smileswallet.com\/us\/wp-content\/uploads\/sites\/12\/2025\/11\/ENG-HowToRemit-US_Step1-473x1024.webp 473w\" sizes=\"auto, (max-width: 243px) 100vw, 243px\" \/><\/div>\n\n<div  class=\"text-above-image\">\n\t<h5 class=\"numbered_title\">2. Ch\u1ecdn ng\u01b0\u1eddi nh\u1eadn b\u1ea1n \u0111\u00e3 \u0111\u0103ng k\u00fd  ho\u1eb7c th\u00eam ng\u01b0\u1eddi nh\u1eadn m\u1edbi b\u1eb1ng c\u00e1ch nh\u1ea5n &#8220;+ Th\u00eam ng\u01b0\u1eddi nh\u1eadn&#8221;<\/h5>\t<img loading=\"lazy\" decoding=\"async\" width=\"243\" height=\"526\" src=\"https:\/\/www.smileswallet.com\/us\/wp-content\/uploads\/sites\/12\/2025\/11\/ENG-HowToRemit-US_Step2.webp\" class=\"attachment-243x528 size-243x528\" alt=\"\" draggable=\"false\" srcset=\"https:\/\/www.smileswallet.com\/us\/wp-content\/uploads\/sites\/12\/2025\/11\/ENG-HowToRemit-US_Step2.webp 488w, https:\/\/www.smileswallet.com\/us\/wp-content\/uploads\/sites\/12\/2025\/11\/ENG-HowToRemit-US_Step2-139x300.webp 139w, https:\/\/www.smileswallet.com\/us\/wp-content\/uploads\/sites\/12\/2025\/11\/ENG-HowToRemit-US_Step2-473x1024.webp 473w\" sizes=\"auto, (max-width: 243px) 100vw, 243px\" \/><\/div>\n\n<div  class=\"text-above-image\">\n\t<h5 class=\"numbered_title\">3. Nh\u1eadp s\u1ed1 ti\u1ec1n b\u1ea1n mu\u1ed1n chuy\u1ec3n<\/h5>\t<img loading=\"lazy\" decoding=\"async\" width=\"243\" height=\"526\" src=\"https:\/\/www.smileswallet.com\/us\/wp-content\/uploads\/sites\/12\/2025\/11\/ENG-HowToRemit-US_Step3.webp\" class=\"attachment-243x528 size-243x528\" alt=\"How to Remit Smiles Mobile Remittance - Step 3 - Input the amount you want to send\" draggable=\"false\" srcset=\"https:\/\/www.smileswallet.com\/us\/wp-content\/uploads\/sites\/12\/2025\/11\/ENG-HowToRemit-US_Step3.webp 488w, https:\/\/www.smileswallet.com\/us\/wp-content\/uploads\/sites\/12\/2025\/11\/ENG-HowToRemit-US_Step3-139x300.webp 139w, https:\/\/www.smileswallet.com\/us\/wp-content\/uploads\/sites\/12\/2025\/11\/ENG-HowToRemit-US_Step3-473x1024.webp 473w\" sizes=\"auto, (max-width: 243px) 100vw, 243px\" \/><\/div>\n\n<div  class=\"text-above-image\">\n\t<h5 class=\"numbered_title\">4. Nh\u1eadp \u0111i\u1ec3m th\u01b0\u1edfng (n\u1ebfu c\u00f3), sau \u0111\u00f3 k\u00e9o xu\u1ed1ng cu\u1ed1i trang, ch\u1ecdn \u201cM\u1ee5c \u0111\u00edch chuy\u1ec3n ti\u1ec1n\u201d, \u201cNgu\u1ed3n thu nh\u1eadp\u201d v\u00e0 nh\u1ea5n \u201cKi\u1ec3m tra l\u1ea7n cu\u1ed1i\u201d<\/h5>\t<img loading=\"lazy\" decoding=\"async\" width=\"243\" height=\"526\" src=\"https:\/\/www.smileswallet.com\/us\/wp-content\/uploads\/sites\/12\/2025\/11\/ENG-HowToRemit-US_Step4.webp\" class=\"attachment-243x528 size-243x528\" alt=\"How to Remit Smiles Mobile Remittance - Step 4 - Input points\u00a0(if you have any), select your\u00a0\u201cPurpose\u201d, \u201cSource of funds\u201d and tap \u201cNext\u201d\" draggable=\"false\" srcset=\"https:\/\/www.smileswallet.com\/us\/wp-content\/uploads\/sites\/12\/2025\/11\/ENG-HowToRemit-US_Step4.webp 488w, https:\/\/www.smileswallet.com\/us\/wp-content\/uploads\/sites\/12\/2025\/11\/ENG-HowToRemit-US_Step4-139x300.webp 139w, https:\/\/www.smileswallet.com\/us\/wp-content\/uploads\/sites\/12\/2025\/11\/ENG-HowToRemit-US_Step4-473x1024.webp 473w\" sizes=\"auto, (max-width: 243px) 100vw, 243px\" \/><\/div>\n\n<div  class=\"text-above-image\">\n\t<h5 class=\"numbered_title\">5. X\u00e1c nh\u1eadn th\u00f4ng tin chi ti\u1ebft, t\u00edch v\u00e0o \u00f4 v\u00e0 nh\u1ea5n \u201cChuy\u1ec3n \u0111\u1ebfn [beneficiary\u2019s name]\u201d \u0111\u1ec3 ho\u00e0n th\u00e0nh giao d\u1ecbch<\/h5>\t<img loading=\"lazy\" decoding=\"async\" width=\"243\" height=\"526\" src=\"https:\/\/www.smileswallet.com\/us\/wp-content\/uploads\/sites\/12\/2025\/11\/ENG-HowToRemit-US_Step5.webp\" class=\"attachment-243x528 size-243x528\" alt=\"How to Remit Smiles Mobile Remittance - Step 5 - Review the remittance details, check the box and tap &quot;Remit to [beneficiary&#039;s name]&quot;\" draggable=\"false\" srcset=\"https:\/\/www.smileswallet.com\/us\/wp-content\/uploads\/sites\/12\/2025\/11\/ENG-HowToRemit-US_Step5.webp 488w, https:\/\/www.smileswallet.com\/us\/wp-content\/uploads\/sites\/12\/2025\/11\/ENG-HowToRemit-US_Step5-139x300.webp 139w, https:\/\/www.smileswallet.com\/us\/wp-content\/uploads\/sites\/12\/2025\/11\/ENG-HowToRemit-US_Step5-473x1024.webp 473w\" sizes=\"auto, (max-width: 243px) 100vw, 243px\" \/><\/div>\n\n<style>\n\t.text-above-two-images {\n\tdisplay: block;\n\twidth: 100%;\n\tmax-width: 967px;\n\tmargin: 0 auto;\n\tpadding: 35px 5px;\n}\n\n.text-above-two-images .numbered_title {\n\tfont-family: var(--light);\n\tfont-size: 22px;\n\ttext-align:center;\n\tpadding-bottom: 30px;\n\tdisplay: block;\n\tmax-width: 608px;\n\tmargin: 0 auto;\n}\n\n.text-above-two-images .images {\n\tdisplay: flex;\n\tgap: 25px;\n\tflex-wrap: wrap;\n\talign-items: center;\n\tjustify-content: center;\n}\n\n.text-above-two-images.align-center {\n\tmargin: 0 auto;\n}\n\n.text-above-two-images.align-right {\n\tmargin-left: auto;\n}\n\n.text-above-two-images.align-left {\n\tmargin-right: auto;\n}\n\t<\/style>\n<div class=\"text-above-two-images\">\n\t<h5 class=\"numbered_title\">6. Nh\u1eadp m\u00e3 4 ch\u1eef s\u1ed1 \u0111\u01b0\u1ee3c g\u1eedi \u0111\u1ebfn s\u1ed1 \u0111i\u1ec7n tho\u1ea1i \u0111\u00e3 \u0111\u0103ng k\u00fd c\u1ee7a Qu\u00fd kh\u00e1ch v\u00e0 nh\u1ea5n \u201cTi\u1ebfp t\u1ee5c\u201d<\/h5>\n\t\t\t<div class=\"images\">\n\t\t\t        <img class=\"img-fluid\" src=\"https:\/\/www.smileswallet.com\/us\/wp-content\/uploads\/sites\/12\/2025\/11\/ENG-HowToRemit-US_Step6a-243x528.webp\" width=\"243\"\n            height=\"528\" alt=\"How to Remit Smiles Mobile Remittance - Step 6 - Input the 4-digit code sent to your registered phone number\" draggable=\"false\" decoding=\"async\" loading=\"lazy\">\n                <img class=\"img-fluid\" src=\"https:\/\/www.smileswallet.com\/us\/wp-content\/uploads\/sites\/12\/2025\/11\/ENG-HowToRemit-US_Step6b-243x528.webp\" width=\"243\"\n            height=\"528\" alt=\"How to Remit Smiles Mobile Remittance - Step 6 - Tap \"Continue\"\" draggable=\"false\" decoding=\"async\" loading=\"lazy\">\n        \t\t<\/div>\n\t<\/div>\n\n<div  class=\"text-above-image\">\n\t<h5 class=\"numbered_title\">7.  Giao d\u1ecbch c\u1ee7a b\u1ea1n \u0111\u00e3 ho\u00e0n th\u00e0nh v\u00e0 \u0111ang \u0111\u01b0\u1ee3c x\u1eed l\u00fd<\/h5>\t<img loading=\"lazy\" decoding=\"async\" width=\"243\" height=\"526\" src=\"https:\/\/www.smileswallet.com\/us\/wp-content\/uploads\/sites\/12\/2025\/11\/ENG-HowToRemit-CA_Step6.webp\" class=\"attachment-243x528 size-243x528\" alt=\"screen showing delivery being in process\" draggable=\"false\" srcset=\"https:\/\/www.smileswallet.com\/us\/wp-content\/uploads\/sites\/12\/2025\/11\/ENG-HowToRemit-CA_Step6.webp 244w, https:\/\/www.smileswallet.com\/us\/wp-content\/uploads\/sites\/12\/2025\/11\/ENG-HowToRemit-CA_Step6-139x300.webp 139w\" sizes=\"auto, (max-width: 243px) 100vw, 243px\" \/><\/div>\n\n<link rel='stylesheet' href='https:\/\/www.smileswallet.com\/us\/wp-content\/themes\/smilesremit\/inc\/blocks\/smile-tips\/smile-tips.css?ver=7.0.48' type='text\/css' media='all' \/><div  class=\"smile-tips smiles-block-alignment align-center\">\n\t<div class=\"__heading\">\n\t\t<img loading=\"lazy\" decoding=\"async\" class=\"__tori_reading\" src=\"https:\/\/www.smileswallet.com\/us\/wp-content\/themes\/smilesremit\/src\/images\/blocks\/tori-reading.png\" width=\"59\" height=\"45\" alt=\"tori-reading\">\n\t\t<h4 class=\"__title\">M\u1eb9o c\u00f9ng Smiles<\/h4>\n\t\t<img decoding=\"async\" class=\"__toggle\" src=\"https:\/\/www.smileswallet.com\/us\/wp-content\/themes\/smilesremit\/inc\/blocks\/smile-tips\/down-arrow.svg\" width=\"23\" height=\"13.03\" alt=\"down-up-arrow\">\n\t<\/div>\n\t<div class=\"__subheading\">\n\t\t<p>\u0110\u1ec3 ch\u1ecdn ng\u01b0\u1eddi nh\u1eadn nhanh ch\u00f3ng, b\u1ea1n c\u00f3 th\u1ec3 th\u00eam ng\u01b0\u1eddi nh\u1eadn y\u00eau th\u00edch v\u00e0o m\u00e0n h\u00ecnh ch\u00ednh.<\/p>\n\t<\/div>\n\t\t\t<div class=\"__image_wrapper\">\n\t\t\t<div class=\"images\">\n\t\t\t\t<div class='image_wrap'>        <img class=\"img-fluid image\" src=\"https:\/\/www.smileswallet.com\/us\/wp-content\/uploads\/sites\/12\/2025\/11\/ENG-HowToAddBene_Step9-243x528.webp\" width=\"243\"\n            height=\"528\" alt=\"How to Add a Beneficiary Smiles Mobile Remittance - Step 9 - Tap and hold your beneficiary icon\" draggable=\"false\" decoding=\"async\" loading=\"lazy\">\n        <\/div><div class='image_wrap no_arrow'>        <img class=\"img-fluid image\" src=\"https:\/\/www.smileswallet.com\/us\/wp-content\/uploads\/sites\/12\/2025\/11\/ENG-HowToAddBene_Step9-243x528.webp\" width=\"243\"\n            height=\"528\" alt=\"How to Add a Beneficiary Smiles Mobile Remittance - Step 9 - Tap and hold your beneficiary icon\" draggable=\"false\" decoding=\"async\" loading=\"lazy\">\n        <\/div>\t\t\t<\/div>\n\t\t\t\t\t<\/div>\n\t<\/div>","protected":false},"excerpt":{"rendered":"","protected":false},"author":32,"featured_media":0,"parent":137,"menu_order":0,"comment_status":"closed","ping_status":"closed","template":"template-help-child.php","meta":{"_acf_changed":false,"footnotes":""},"class_list":["post-707","page","type-page","status-publish","hentry"],"acf":[],"yoast_head":"<!-- This site is optimized with the Yoast SEO plugin v27.2 - https:\/\/yoast.com\/product\/yoast-seo-wordpress\/ -->\n<title>C\u00e1ch chuy\u1ec3n ti\u1ec1n - Smiles Mobile Remittance - US<\/title>\n<meta name=\"robots\" content=\"index, follow, max-snippet:-1, max-image-preview:large, max-video-preview:-1\" \/>\n<link rel=\"canonical\" href=\"https:\/\/www.smileswallet.com\/us\/vi\/huong-dan\/cach-chuyen-tien\/\" \/>\n<meta property=\"og:locale\" content=\"en_US\" \/>\n<meta property=\"og:type\" content=\"article\" \/>\n<meta property=\"og:title\" content=\"C\u00e1ch chuy\u1ec3n ti\u1ec1n - Smiles Mobile Remittance - US\" \/>\n<meta property=\"og:url\" content=\"https:\/\/www.smileswallet.com\/us\/vi\/huong-dan\/cach-chuyen-tien\/\" \/>\n<meta property=\"og:site_name\" content=\"Smiles Mobile Remittance - US\" \/>\n<meta property=\"article:modified_time\" content=\"2025-12-02T07:25:22+00:00\" \/>\n<meta name=\"twitter:card\" content=\"summary_large_image\" \/>\n<script type=\"application\/ld+json\" class=\"yoast-schema-graph\">{\"@context\":\"https:\/\/schema.org\",\"@graph\":[{\"@type\":\"WebPage\",\"@id\":\"https:\/\/www.smileswallet.com\/us\/vi\/huong-dan\/cach-chuyen-tien\/\",\"url\":\"https:\/\/www.smileswallet.com\/us\/vi\/huong-dan\/cach-chuyen-tien\/\",\"name\":\"C\u00e1ch chuy\u1ec3n ti\u1ec1n - Smiles Mobile Remittance - US\",\"isPartOf\":{\"@id\":\"https:\/\/www.smileswallet.com\/us\/#website\"},\"datePublished\":\"2025-11-20T03:27:23+00:00\",\"dateModified\":\"2025-12-02T07:25:22+00:00\",\"breadcrumb\":{\"@id\":\"https:\/\/www.smileswallet.com\/us\/vi\/huong-dan\/cach-chuyen-tien\/#breadcrumb\"},\"inLanguage\":\"en-US\",\"potentialAction\":[{\"@type\":\"ReadAction\",\"target\":[\"https:\/\/www.smileswallet.com\/us\/vi\/huong-dan\/cach-chuyen-tien\/\"]}]},{\"@type\":\"BreadcrumbList\",\"@id\":\"https:\/\/www.smileswallet.com\/us\/vi\/huong-dan\/cach-chuyen-tien\/#breadcrumb\",\"itemListElement\":[{\"@type\":\"ListItem\",\"position\":1,\"name\":\"Home\",\"item\":\"https:\/\/www.smileswallet.com\/us\/\"},{\"@type\":\"ListItem\",\"position\":2,\"name\":\"H\u01b0\u1edbng d\u1eabn\",\"item\":\"https:\/\/www.smileswallet.com\/us\/vi\/huong-dan\/\"},{\"@type\":\"ListItem\",\"position\":3,\"name\":\"C\u00e1ch chuy\u1ec3n ti\u1ec1n\"}]},{\"@type\":\"WebSite\",\"@id\":\"https:\/\/www.smileswallet.com\/us\/#website\",\"url\":\"https:\/\/www.smileswallet.com\/us\/\",\"name\":\"Smiles Mobile Remittance - US\",\"description\":\"Everyday Great Rate!\",\"alternateName\":\"Smiles US\",\"potentialAction\":[{\"@type\":\"SearchAction\",\"target\":{\"@type\":\"EntryPoint\",\"urlTemplate\":\"https:\/\/www.smileswallet.com\/us\/?s={search_term_string}\"},\"query-input\":{\"@type\":\"PropertyValueSpecification\",\"valueRequired\":true,\"valueName\":\"search_term_string\"}}],\"inLanguage\":\"en-US\"},{\"@type\":\"SoftwareApplication\",\"name\":\"Smiles Mobile Remittance\",\"description\":\"Absolute NO. 1 Mobile International Money Transfer Service in Japan.\",\"image\":\"https:\/\/www.smileswallet.com\/japan\/wp-content\/themes\/smilesremit\/src\/images\/footer\/toriAvatar.jpg\",\"operatingSystem\":[\"Android\",\"iOS\"],\"applicationCategory\":\"FinanceApplication\",\"offers\":{\"@type\":\"Offer\",\"price\":\"0.00\",\"priceCurrency\":\"USD\"},\"aggregateRating\":{\"@type\":\"AggregateRating\",\"ratingValue\":\"4.8\",\"reviewCount\":\"43150\"},\"author\":{\"@type\":\"Organization\",\"name\":\"Digital Wallet Corporation\"},\"publisher\":{\"@type\":\"Organization\",\"name\":\"Digital Wallet Corporation\"}},{\"@type\":\"SoftwareApplication\",\"name\":\"Smiles Mobile Remittance\",\"description\":\"Absolute NO. 1 Mobile International Money Transfer Service in Japan.\",\"image\":\"https:\/\/www.smileswallet.com\/japan\/wp-content\/themes\/smilesremit\/src\/images\/footer\/toriAvatar.jpg\",\"operatingSystem\":[\"Android\",\"iOS\"],\"applicationCategory\":\"FinanceApplication\",\"offers\":{\"@type\":\"Offer\",\"price\":\"0.00\",\"priceCurrency\":\"USD\"},\"aggregateRating\":{\"@type\":\"AggregateRating\",\"ratingValue\":\"4.8\",\"reviewCount\":\"43150\"},\"author\":{\"@type\":\"Organization\",\"name\":\"Digital Wallet Corporation\"},\"publisher\":{\"@type\":\"Organization\",\"name\":\"Digital Wallet Corporation\"}}]}<\/script>\n<!-- \/ Yoast SEO plugin. -->","yoast_head_json":{"title":"C\u00e1ch chuy\u1ec3n ti\u1ec1n - Smiles Mobile Remittance - US","robots":{"index":"index","follow":"follow","max-snippet":"max-snippet:-1","max-image-preview":"max-image-preview:large","max-video-preview":"max-video-preview:-1"},"canonical":"https:\/\/www.smileswallet.com\/us\/vi\/huong-dan\/cach-chuyen-tien\/","og_locale":"en_US","og_type":"article","og_title":"C\u00e1ch chuy\u1ec3n ti\u1ec1n - Smiles Mobile Remittance - US","og_url":"https:\/\/www.smileswallet.com\/us\/vi\/huong-dan\/cach-chuyen-tien\/","og_site_name":"Smiles Mobile Remittance - US","article_modified_time":"2025-12-02T07:25:22+00:00","twitter_card":"summary_large_image","schema":{"@context":"https:\/\/schema.org","@graph":[{"@type":"WebPage","@id":"https:\/\/www.smileswallet.com\/us\/vi\/huong-dan\/cach-chuyen-tien\/","url":"https:\/\/www.smileswallet.com\/us\/vi\/huong-dan\/cach-chuyen-tien\/","name":"C\u00e1ch chuy\u1ec3n ti\u1ec1n - Smiles Mobile Remittance - US","isPartOf":{"@id":"https:\/\/www.smileswallet.com\/us\/#website"},"datePublished":"2025-11-20T03:27:23+00:00","dateModified":"2025-12-02T07:25:22+00:00","breadcrumb":{"@id":"https:\/\/www.smileswallet.com\/us\/vi\/huong-dan\/cach-chuyen-tien\/#breadcrumb"},"inLanguage":"en-US","potentialAction":[{"@type":"ReadAction","target":["https:\/\/www.smileswallet.com\/us\/vi\/huong-dan\/cach-chuyen-tien\/"]}]},{"@type":"BreadcrumbList","@id":"https:\/\/www.smileswallet.com\/us\/vi\/huong-dan\/cach-chuyen-tien\/#breadcrumb","itemListElement":[{"@type":"ListItem","position":1,"name":"Home","item":"https:\/\/www.smileswallet.com\/us\/"},{"@type":"ListItem","position":2,"name":"H\u01b0\u1edbng d\u1eabn","item":"https:\/\/www.smileswallet.com\/us\/vi\/huong-dan\/"},{"@type":"ListItem","position":3,"name":"C\u00e1ch chuy\u1ec3n ti\u1ec1n"}]},{"@type":"WebSite","@id":"https:\/\/www.smileswallet.com\/us\/#website","url":"https:\/\/www.smileswallet.com\/us\/","name":"Smiles Mobile Remittance - US","description":"Everyday Great Rate!","alternateName":"Smiles US","potentialAction":[{"@type":"SearchAction","target":{"@type":"EntryPoint","urlTemplate":"https:\/\/www.smileswallet.com\/us\/?s={search_term_string}"},"query-input":{"@type":"PropertyValueSpecification","valueRequired":true,"valueName":"search_term_string"}}],"inLanguage":"en-US"},{"@type":"SoftwareApplication","name":"Smiles Mobile Remittance","description":"Absolute NO. 1 Mobile International Money Transfer Service in Japan.","image":"https:\/\/www.smileswallet.com\/japan\/wp-content\/themes\/smilesremit\/src\/images\/footer\/toriAvatar.jpg","operatingSystem":["Android","iOS"],"applicationCategory":"FinanceApplication","offers":{"@type":"Offer","price":"0.00","priceCurrency":"USD"},"aggregateRating":{"@type":"AggregateRating","ratingValue":"4.8","reviewCount":"43150"},"author":{"@type":"Organization","name":"Digital Wallet Corporation"},"publisher":{"@type":"Organization","name":"Digital Wallet Corporation"}},{"@type":"SoftwareApplication","name":"Smiles Mobile Remittance","description":"Absolute NO. 1 Mobile International Money Transfer Service in Japan.","image":"https:\/\/www.smileswallet.com\/japan\/wp-content\/themes\/smilesremit\/src\/images\/footer\/toriAvatar.jpg","operatingSystem":["Android","iOS"],"applicationCategory":"FinanceApplication","offers":{"@type":"Offer","price":"0.00","priceCurrency":"USD"},"aggregateRating":{"@type":"AggregateRating","ratingValue":"4.8","reviewCount":"43150"},"author":{"@type":"Organization","name":"Digital Wallet Corporation"},"publisher":{"@type":"Organization","name":"Digital Wallet Corporation"}}]}},"_links":{"self":[{"href":"https:\/\/www.smileswallet.com\/us\/wp-json\/wp\/v2\/pages\/707","targetHints":{"allow":["GET"]}}],"collection":[{"href":"https:\/\/www.smileswallet.com\/us\/wp-json\/wp\/v2\/pages"}],"about":[{"href":"https:\/\/www.smileswallet.com\/us\/wp-json\/wp\/v2\/types\/page"}],"author":[{"embeddable":true,"href":"https:\/\/www.smileswallet.com\/us\/wp-json\/wp\/v2\/users\/32"}],"replies":[{"embeddable":true,"href":"https:\/\/www.smileswallet.com\/us\/wp-json\/wp\/v2\/comments?post=707"}],"version-history":[{"count":2,"href":"https:\/\/www.smileswallet.com\/us\/wp-json\/wp\/v2\/pages\/707\/revisions"}],"predecessor-version":[{"id":1078,"href":"https:\/\/www.smileswallet.com\/us\/wp-json\/wp\/v2\/pages\/707\/revisions\/1078"}],"up":[{"embeddable":true,"href":"https:\/\/www.smileswallet.com\/us\/wp-json\/wp\/v2\/pages\/137"}],"wp:attachment":[{"href":"https:\/\/www.smileswallet.com\/us\/wp-json\/wp\/v2\/media?parent=707"}],"curies":[{"name":"wp","href":"https:\/\/api.w.org\/{rel}","templated":true}]}}