{"id":736,"date":"2025-11-20T05:46:08","date_gmt":"2025-11-20T05:46:08","guid":{"rendered":"https:\/\/www.smileswallet.com\/us\/?page_id=736"},"modified":"2025-12-16T08:45:25","modified_gmt":"2025-12-16T08:45:25","slug":"chung-nhan-chuyen-tien","status":"publish","type":"page","link":"https:\/\/www.smileswallet.com\/us\/vi\/huong-dan\/chung-nhan-chuyen-tien\/","title":{"rendered":"Ch\u1ee9ng nh\u1eadn chuy\u1ec3n ti\u1ec1n"},"content":{"rendered":"<link rel='stylesheet' href='https:\/\/www.smileswallet.com\/us\/wp-content\/themes\/smilesremit\/inc\/blocks\/text-above-image\/text-above-image.css?ver=7.0.48' type='text\/css' media='all' \/><div  class=\"text-above-image\">\n\t<h5 class=\"numbered_title\">1. Nh\u1ea5n v\u00e0o \u201cL\u1ecbch s\u1eed\u201d n\u1eb1m ph\u00eda d\u01b0\u1edbi m\u00e0n h\u00ecnh ch\u00ednh<\/h5>\t<img loading=\"lazy\" decoding=\"async\" width=\"243\" height=\"525\" src=\"https:\/\/www.smileswallet.com\/us\/wp-content\/uploads\/sites\/12\/2025\/11\/ENG-HowToCertificate-JP_Step1.webp\" class=\"attachment-243x528 size-243x528\" alt=\"How to Download a Remittance Certificate Smiles Mobile Remittance - Step 1 - Tap on &quot;History&quot; icon\" draggable=\"false\" srcset=\"https:\/\/www.smileswallet.com\/us\/wp-content\/uploads\/sites\/12\/2025\/11\/ENG-HowToCertificate-JP_Step1.webp 780w, https:\/\/www.smileswallet.com\/us\/wp-content\/uploads\/sites\/12\/2025\/11\/ENG-HowToCertificate-JP_Step1-139x300.webp 139w, https:\/\/www.smileswallet.com\/us\/wp-content\/uploads\/sites\/12\/2025\/11\/ENG-HowToCertificate-JP_Step1-474x1024.webp 474w, https:\/\/www.smileswallet.com\/us\/wp-content\/uploads\/sites\/12\/2025\/11\/ENG-HowToCertificate-JP_Step1-768x1658.webp 768w, https:\/\/www.smileswallet.com\/us\/wp-content\/uploads\/sites\/12\/2025\/11\/ENG-HowToCertificate-JP_Step1-711x1536.webp 711w\" sizes=\"auto, (max-width: 243px) 100vw, 243px\" \/><\/div>\n\n<div  class=\"text-above-image\">\n\t<h5 class=\"numbered_title\">2. \u2460 \u0110\u1ec3 t\u1ea3i xu\u1ed1ng t\u1ea5t c\u1ea3 giao d\u1ecbch, \u2461 \u0110\u1ec3 l\u1ecdc giao d\u1ecbch<\/h5>\t<img loading=\"lazy\" decoding=\"async\" width=\"243\" height=\"526\" src=\"https:\/\/www.smileswallet.com\/us\/wp-content\/uploads\/sites\/12\/2025\/11\/ENG-HowToCertificate-JP_Step2-1.webp\" class=\"attachment-243x528 size-243x528\" alt=\"How to Download a Remittance Certificate Smiles Mobile Remittance - Step 2 - Tap on the download icon to download all transactions or the sort icon to filter\" draggable=\"false\" srcset=\"https:\/\/www.smileswallet.com\/us\/wp-content\/uploads\/sites\/12\/2025\/11\/ENG-HowToCertificate-JP_Step2-1.webp 781w, https:\/\/www.smileswallet.com\/us\/wp-content\/uploads\/sites\/12\/2025\/11\/ENG-HowToCertificate-JP_Step2-1-139x300.webp 139w, https:\/\/www.smileswallet.com\/us\/wp-content\/uploads\/sites\/12\/2025\/11\/ENG-HowToCertificate-JP_Step2-1-473x1024.webp 473w, https:\/\/www.smileswallet.com\/us\/wp-content\/uploads\/sites\/12\/2025\/11\/ENG-HowToCertificate-JP_Step2-1-768x1662.webp 768w, https:\/\/www.smileswallet.com\/us\/wp-content\/uploads\/sites\/12\/2025\/11\/ENG-HowToCertificate-JP_Step2-1-710x1536.webp 710w\" sizes=\"auto, (max-width: 243px) 100vw, 243px\" \/><\/div>\n\n<div  class=\"text-above-image\">\n\t<h5 class=\"numbered_title\">3. Nh\u1ea5n \u201cT\u1ea3i xu\u1ed1ng\u201d v\u00e0 sau \u0111\u00f3 ki\u1ec3m tra c\u00e1c t\u1ec7p tr\u00ean \u0111i\u1ec7n tho\u1ea1i c\u1ee7a b\u1ea1n \u0111\u1ec3 t\u00ecm h\u00f3a \u0111\u01a1n.<\/h5>\t<img loading=\"lazy\" decoding=\"async\" width=\"243\" height=\"526\" src=\"https:\/\/www.smileswallet.com\/us\/wp-content\/uploads\/sites\/12\/2025\/11\/ENG-HowToCertificate-JP_Step3.webp\" class=\"attachment-243x528 size-243x528\" alt=\"How to Download a Remittance Certificate Smiles Mobile Remittance - Step 3 - Tap \u201cDownload\u201d and check the files on your phone to find it\" draggable=\"false\" srcset=\"https:\/\/www.smileswallet.com\/us\/wp-content\/uploads\/sites\/12\/2025\/11\/ENG-HowToCertificate-JP_Step3.webp 781w, https:\/\/www.smileswallet.com\/us\/wp-content\/uploads\/sites\/12\/2025\/11\/ENG-HowToCertificate-JP_Step3-139x300.webp 139w, https:\/\/www.smileswallet.com\/us\/wp-content\/uploads\/sites\/12\/2025\/11\/ENG-HowToCertificate-JP_Step3-473x1024.webp 473w, https:\/\/www.smileswallet.com\/us\/wp-content\/uploads\/sites\/12\/2025\/11\/ENG-HowToCertificate-JP_Step3-768x1662.webp 768w, https:\/\/www.smileswallet.com\/us\/wp-content\/uploads\/sites\/12\/2025\/11\/ENG-HowToCertificate-JP_Step3-710x1536.webp 710w\" sizes=\"auto, (max-width: 243px) 100vw, 243px\" \/><\/div>\n\n<div  class=\"text-above-image\">\n\t<h5 class=\"numbered_title\">L\u01b0u \u00fd: B\u1ea1n c\u00f3 th\u1ec3 in c\u00e1c t\u1ec7p \u0111\u00e3 t\u1ea3i, th\u1eadm ch\u00ed t\u1ea1i c\u00e1c c\u1eeda h\u00e0ng ti\u1ec7n l\u1ee3i.<\/h5>\t<img loading=\"lazy\" decoding=\"async\" width=\"243\" height=\"528\" src=\"https:\/\/www.smileswallet.com\/us\/wp-content\/uploads\/sites\/12\/2025\/12\/ENG-HowToCertificate-JP_Step4-472x1024.png\" class=\"attachment-243x528 size-243x528\" alt=\"How to Download a Remittance Certificate Smiles Mobile Remittance - Note - You can print the downloaded file even at convenience stores!\" draggable=\"false\" srcset=\"https:\/\/www.smileswallet.com\/us\/wp-content\/uploads\/sites\/12\/2025\/12\/ENG-HowToCertificate-JP_Step4-472x1024.png 472w, https:\/\/www.smileswallet.com\/us\/wp-content\/uploads\/sites\/12\/2025\/12\/ENG-HowToCertificate-JP_Step4-138x300.png 138w, https:\/\/www.smileswallet.com\/us\/wp-content\/uploads\/sites\/12\/2025\/12\/ENG-HowToCertificate-JP_Step4-768x1667.png 768w, https:\/\/www.smileswallet.com\/us\/wp-content\/uploads\/sites\/12\/2025\/12\/ENG-HowToCertificate-JP_Step4-708x1536.png 708w, https:\/\/www.smileswallet.com\/us\/wp-content\/uploads\/sites\/12\/2025\/12\/ENG-HowToCertificate-JP_Step4.png 776w\" sizes=\"auto, (max-width: 243px) 100vw, 243px\" \/><\/div>\n\n\n<p><\/p>\n","protected":false},"excerpt":{"rendered":"","protected":false},"author":32,"featured_media":0,"parent":137,"menu_order":0,"comment_status":"closed","ping_status":"closed","template":"template-help-child.php","meta":{"_acf_changed":false,"footnotes":""},"class_list":["post-736","page","type-page","status-publish","hentry"],"acf":[],"yoast_head":"<!-- This site is optimized with the Yoast SEO plugin v27.2 - https:\/\/yoast.com\/product\/yoast-seo-wordpress\/ -->\n<title>Ch\u1ee9ng nh\u1eadn chuy\u1ec3n ti\u1ec1n - Smiles Mobile Remittance - US<\/title>\n<meta name=\"robots\" content=\"index, follow, max-snippet:-1, max-image-preview:large, max-video-preview:-1\" \/>\n<link rel=\"canonical\" href=\"https:\/\/www.smileswallet.com\/us\/vi\/huong-dan\/chung-nhan-chuyen-tien\/\" \/>\n<meta property=\"og:locale\" content=\"en_US\" \/>\n<meta property=\"og:type\" content=\"article\" \/>\n<meta property=\"og:title\" content=\"Ch\u1ee9ng nh\u1eadn chuy\u1ec3n ti\u1ec1n - Smiles Mobile Remittance - US\" \/>\n<meta property=\"og:url\" content=\"https:\/\/www.smileswallet.com\/us\/vi\/huong-dan\/chung-nhan-chuyen-tien\/\" \/>\n<meta property=\"og:site_name\" content=\"Smiles Mobile Remittance - US\" \/>\n<meta property=\"article:modified_time\" content=\"2025-12-16T08:45:25+00:00\" \/>\n<meta name=\"twitter:card\" content=\"summary_large_image\" \/>\n<script type=\"application\/ld+json\" class=\"yoast-schema-graph\">{\"@context\":\"https:\/\/schema.org\",\"@graph\":[{\"@type\":\"WebPage\",\"@id\":\"https:\/\/www.smileswallet.com\/us\/vi\/huong-dan\/chung-nhan-chuyen-tien\/\",\"url\":\"https:\/\/www.smileswallet.com\/us\/vi\/huong-dan\/chung-nhan-chuyen-tien\/\",\"name\":\"Ch\u1ee9ng nh\u1eadn chuy\u1ec3n ti\u1ec1n - Smiles Mobile Remittance - US\",\"isPartOf\":{\"@id\":\"https:\/\/www.smileswallet.com\/us\/#website\"},\"datePublished\":\"2025-11-20T05:46:08+00:00\",\"dateModified\":\"2025-12-16T08:45:25+00:00\",\"breadcrumb\":{\"@id\":\"https:\/\/www.smileswallet.com\/us\/vi\/huong-dan\/chung-nhan-chuyen-tien\/#breadcrumb\"},\"inLanguage\":\"en-US\",\"potentialAction\":[{\"@type\":\"ReadAction\",\"target\":[\"https:\/\/www.smileswallet.com\/us\/vi\/huong-dan\/chung-nhan-chuyen-tien\/\"]}]},{\"@type\":\"BreadcrumbList\",\"@id\":\"https:\/\/www.smileswallet.com\/us\/vi\/huong-dan\/chung-nhan-chuyen-tien\/#breadcrumb\",\"itemListElement\":[{\"@type\":\"ListItem\",\"position\":1,\"name\":\"Home\",\"item\":\"https:\/\/www.smileswallet.com\/us\/\"},{\"@type\":\"ListItem\",\"position\":2,\"name\":\"H\u01b0\u1edbng d\u1eabn\",\"item\":\"https:\/\/www.smileswallet.com\/us\/vi\/huong-dan\/\"},{\"@type\":\"ListItem\",\"position\":3,\"name\":\"Ch\u1ee9ng nh\u1eadn chuy\u1ec3n ti\u1ec1n\"}]},{\"@type\":\"WebSite\",\"@id\":\"https:\/\/www.smileswallet.com\/us\/#website\",\"url\":\"https:\/\/www.smileswallet.com\/us\/\",\"name\":\"Smiles Mobile Remittance - US\",\"description\":\"Everyday Great Rate!\",\"alternateName\":\"Smiles US\",\"potentialAction\":[{\"@type\":\"SearchAction\",\"target\":{\"@type\":\"EntryPoint\",\"urlTemplate\":\"https:\/\/www.smileswallet.com\/us\/?s={search_term_string}\"},\"query-input\":{\"@type\":\"PropertyValueSpecification\",\"valueRequired\":true,\"valueName\":\"search_term_string\"}}],\"inLanguage\":\"en-US\"},{\"@type\":\"SoftwareApplication\",\"name\":\"Smiles Mobile Remittance\",\"description\":\"Absolute NO. 1 Mobile International Money Transfer Service in Japan.\",\"image\":\"https:\/\/www.smileswallet.com\/japan\/wp-content\/themes\/smilesremit\/src\/images\/footer\/toriAvatar.jpg\",\"operatingSystem\":[\"Android\",\"iOS\"],\"applicationCategory\":\"FinanceApplication\",\"offers\":{\"@type\":\"Offer\",\"price\":\"0.00\",\"priceCurrency\":\"USD\"},\"aggregateRating\":{\"@type\":\"AggregateRating\",\"ratingValue\":\"4.8\",\"reviewCount\":\"43150\"},\"author\":{\"@type\":\"Organization\",\"name\":\"Digital Wallet Corporation\"},\"publisher\":{\"@type\":\"Organization\",\"name\":\"Digital Wallet Corporation\"}},{\"@type\":\"SoftwareApplication\",\"name\":\"Smiles Mobile Remittance\",\"description\":\"Absolute NO. 1 Mobile International Money Transfer Service in Japan.\",\"image\":\"https:\/\/www.smileswallet.com\/japan\/wp-content\/themes\/smilesremit\/src\/images\/footer\/toriAvatar.jpg\",\"operatingSystem\":[\"Android\",\"iOS\"],\"applicationCategory\":\"FinanceApplication\",\"offers\":{\"@type\":\"Offer\",\"price\":\"0.00\",\"priceCurrency\":\"USD\"},\"aggregateRating\":{\"@type\":\"AggregateRating\",\"ratingValue\":\"4.8\",\"reviewCount\":\"43150\"},\"author\":{\"@type\":\"Organization\",\"name\":\"Digital Wallet Corporation\"},\"publisher\":{\"@type\":\"Organization\",\"name\":\"Digital Wallet Corporation\"}}]}<\/script>\n<!-- \/ Yoast SEO plugin. -->","yoast_head_json":{"title":"Ch\u1ee9ng nh\u1eadn chuy\u1ec3n ti\u1ec1n - Smiles Mobile Remittance - US","robots":{"index":"index","follow":"follow","max-snippet":"max-snippet:-1","max-image-preview":"max-image-preview:large","max-video-preview":"max-video-preview:-1"},"canonical":"https:\/\/www.smileswallet.com\/us\/vi\/huong-dan\/chung-nhan-chuyen-tien\/","og_locale":"en_US","og_type":"article","og_title":"Ch\u1ee9ng nh\u1eadn chuy\u1ec3n ti\u1ec1n - Smiles Mobile Remittance - US","og_url":"https:\/\/www.smileswallet.com\/us\/vi\/huong-dan\/chung-nhan-chuyen-tien\/","og_site_name":"Smiles Mobile Remittance - US","article_modified_time":"2025-12-16T08:45:25+00:00","twitter_card":"summary_large_image","schema":{"@context":"https:\/\/schema.org","@graph":[{"@type":"WebPage","@id":"https:\/\/www.smileswallet.com\/us\/vi\/huong-dan\/chung-nhan-chuyen-tien\/","url":"https:\/\/www.smileswallet.com\/us\/vi\/huong-dan\/chung-nhan-chuyen-tien\/","name":"Ch\u1ee9ng nh\u1eadn chuy\u1ec3n ti\u1ec1n - Smiles Mobile Remittance - US","isPartOf":{"@id":"https:\/\/www.smileswallet.com\/us\/#website"},"datePublished":"2025-11-20T05:46:08+00:00","dateModified":"2025-12-16T08:45:25+00:00","breadcrumb":{"@id":"https:\/\/www.smileswallet.com\/us\/vi\/huong-dan\/chung-nhan-chuyen-tien\/#breadcrumb"},"inLanguage":"en-US","potentialAction":[{"@type":"ReadAction","target":["https:\/\/www.smileswallet.com\/us\/vi\/huong-dan\/chung-nhan-chuyen-tien\/"]}]},{"@type":"BreadcrumbList","@id":"https:\/\/www.smileswallet.com\/us\/vi\/huong-dan\/chung-nhan-chuyen-tien\/#breadcrumb","itemListElement":[{"@type":"ListItem","position":1,"name":"Home","item":"https:\/\/www.smileswallet.com\/us\/"},{"@type":"ListItem","position":2,"name":"H\u01b0\u1edbng d\u1eabn","item":"https:\/\/www.smileswallet.com\/us\/vi\/huong-dan\/"},{"@type":"ListItem","position":3,"name":"Ch\u1ee9ng nh\u1eadn chuy\u1ec3n ti\u1ec1n"}]},{"@type":"WebSite","@id":"https:\/\/www.smileswallet.com\/us\/#website","url":"https:\/\/www.smileswallet.com\/us\/","name":"Smiles Mobile Remittance - US","description":"Everyday Great Rate!","alternateName":"Smiles US","potentialAction":[{"@type":"SearchAction","target":{"@type":"EntryPoint","urlTemplate":"https:\/\/www.smileswallet.com\/us\/?s={search_term_string}"},"query-input":{"@type":"PropertyValueSpecification","valueRequired":true,"valueName":"search_term_string"}}],"inLanguage":"en-US"},{"@type":"SoftwareApplication","name":"Smiles Mobile Remittance","description":"Absolute NO. 1 Mobile International Money Transfer Service in Japan.","image":"https:\/\/www.smileswallet.com\/japan\/wp-content\/themes\/smilesremit\/src\/images\/footer\/toriAvatar.jpg","operatingSystem":["Android","iOS"],"applicationCategory":"FinanceApplication","offers":{"@type":"Offer","price":"0.00","priceCurrency":"USD"},"aggregateRating":{"@type":"AggregateRating","ratingValue":"4.8","reviewCount":"43150"},"author":{"@type":"Organization","name":"Digital Wallet Corporation"},"publisher":{"@type":"Organization","name":"Digital Wallet Corporation"}},{"@type":"SoftwareApplication","name":"Smiles Mobile Remittance","description":"Absolute NO. 1 Mobile International Money Transfer Service in Japan.","image":"https:\/\/www.smileswallet.com\/japan\/wp-content\/themes\/smilesremit\/src\/images\/footer\/toriAvatar.jpg","operatingSystem":["Android","iOS"],"applicationCategory":"FinanceApplication","offers":{"@type":"Offer","price":"0.00","priceCurrency":"USD"},"aggregateRating":{"@type":"AggregateRating","ratingValue":"4.8","reviewCount":"43150"},"author":{"@type":"Organization","name":"Digital Wallet Corporation"},"publisher":{"@type":"Organization","name":"Digital Wallet Corporation"}}]}},"_links":{"self":[{"href":"https:\/\/www.smileswallet.com\/us\/wp-json\/wp\/v2\/pages\/736","targetHints":{"allow":["GET"]}}],"collection":[{"href":"https:\/\/www.smileswallet.com\/us\/wp-json\/wp\/v2\/pages"}],"about":[{"href":"https:\/\/www.smileswallet.com\/us\/wp-json\/wp\/v2\/types\/page"}],"author":[{"embeddable":true,"href":"https:\/\/www.smileswallet.com\/us\/wp-json\/wp\/v2\/users\/32"}],"replies":[{"embeddable":true,"href":"https:\/\/www.smileswallet.com\/us\/wp-json\/wp\/v2\/comments?post=736"}],"version-history":[{"count":3,"href":"https:\/\/www.smileswallet.com\/us\/wp-json\/wp\/v2\/pages\/736\/revisions"}],"predecessor-version":[{"id":1369,"href":"https:\/\/www.smileswallet.com\/us\/wp-json\/wp\/v2\/pages\/736\/revisions\/1369"}],"up":[{"embeddable":true,"href":"https:\/\/www.smileswallet.com\/us\/wp-json\/wp\/v2\/pages\/137"}],"wp:attachment":[{"href":"https:\/\/www.smileswallet.com\/us\/wp-json\/wp\/v2\/media?parent=736"}],"curies":[{"name":"wp","href":"https:\/\/api.w.org\/{rel}","templated":true}]}}